{"id":925,"date":"2020-06-23T16:48:07","date_gmt":"2020-06-23T16:48:07","guid":{"rendered":"https:\/\/talks.akfportugal.org\/?page_id=925"},"modified":"2020-06-24T18:40:57","modified_gmt":"2020-06-24T18:40:57","slug":"akf-talks","status":"publish","type":"page","link":"https:\/\/talks.akfportugal.org\/?page_id=925","title":{"rendered":"AKF TALKS"},"content":{"rendered":"\n<style type=\"text\/css\" data-created_by=\"avia_inline_auto\" id=\"style-css-av-kbqym9lr-02642f6be096e459a6e5e34d705f365a\">\n.avia-section.av-kbqym9lr-02642f6be096e459a6e5e34d705f365a .av-parallax .av-parallax-inner{\nbackground-color:#2a9aea;\nbackground-image:url(https:\/\/talks.akfportugal.org\/wp-content\/uploads\/2020\/06\/Fundo_Banner_2.png);\nbackground-repeat:no-repeat;\nbackground-position:0% 0%;\nbackground-attachment:scroll;\n}\n<\/style>\n<div id='av_section_1'  class='avia-section av-kbqym9lr-02642f6be096e459a6e5e34d705f365a main_color avia-section-default avia-no-border-styling  avia-builder-el-0  el_before_av_textblock  avia-builder-el-first  avia-full-stretch av-parallax-section avia-bg-style-parallax container_wrap sidebar_right'  data-section-bg-repeat='stretch'><div class='av-parallax' data-avia-parallax-ratio='0.3' ><div class='av-parallax-inner main_color avia-full-stretch'><\/div><\/div><div class='container av-section-cont-open' ><main  role=\"main\" itemprop=\"mainContentOfPage\"  class='template-page content  av-content-small alpha units'><div class='post-entry post-entry-type-page post-entry-925'><div class='entry-content-wrapper clearfix'>\n\n<style type=\"text\/css\" data-created_by=\"avia_inline_auto\" id=\"style-css-av-kbs5wovm-6f415c1c3a8464689eadae8f3abd8cf2\">\n.avia-image-container.av-kbs5wovm-6f415c1c3a8464689eadae8f3abd8cf2 img.avia_image{\nbox-shadow:none;\n}\n.avia-image-container.av-kbs5wovm-6f415c1c3a8464689eadae8f3abd8cf2 .av-image-caption-overlay-center{\ncolor:#ffffff;\n}\n<\/style>\n<div  class='avia-image-container av-kbs5wovm-6f415c1c3a8464689eadae8f3abd8cf2 av-styling- avia-align-center  avia-builder-el-1  el_before_av_slideshow  avia-builder-el-first '   itemprop=\"image\" itemscope=\"itemscope\" itemtype=\"https:\/\/schema.org\/ImageObject\" ><div class=\"avia-image-container-inner\"><div class=\"avia-image-overlay-wrap\"><img decoding=\"async\" class='wp-image-742 avia-img-lazy-loading-not-742 avia_image ' src=\"https:\/\/talks.akfportugal.org\/wp-content\/uploads\/2020\/06\/Logo_AKF_Talk_branco-1.png\" alt='' title='Logo_AKF_Talk_branco'  height=\"106\" width=\"340\"  itemprop=\"thumbnailUrl\" srcset=\"https:\/\/talks.akfportugal.org\/wp-content\/uploads\/2020\/06\/Logo_AKF_Talk_branco-1.png 340w, https:\/\/talks.akfportugal.org\/wp-content\/uploads\/2020\/06\/Logo_AKF_Talk_branco-1-300x94.png 300w\" sizes=\"(max-width: 340px) 100vw, 340px\" \/><\/div><\/div><\/div>\n<div  class='avia-slideshow av-kbtolmn8-405ebfb6c3a4c28c5078e3040fcef440 avia-slideshow-featured av_slideshow avia-slide-slider  avia-builder-el-2  el_after_av_image  el_before_av_hr  av-slideshow-ui av-control-default av-slideshow-manual av-loop-once av-loop-manual-endless av-default-height-applied avia-slideshow-1' data-slideshow-options=\"{&quot;animation&quot;:&quot;slide&quot;,&quot;autoplay&quot;:false,&quot;loop_autoplay&quot;:&quot;once&quot;,&quot;interval&quot;:5,&quot;loop_manual&quot;:&quot;manual-endless&quot;,&quot;autoplay_stopper&quot;:false,&quot;noNavigation&quot;:false,&quot;bg_slider&quot;:false,&quot;keep_padding&quot;:false,&quot;hoverpause&quot;:false,&quot;show_slide_delay&quot;:0}\"  itemprop=\"image\" itemscope=\"itemscope\" itemtype=\"https:\/\/schema.org\/ImageObject\" ><ul class='avia-slideshow-inner ' style='padding-bottom: 28.666666666667%;'><li  class='avia-slideshow-slide av-kbtolmn8-405ebfb6c3a4c28c5078e3040fcef440__0  slide-1 slide-odd'><div data-rel='slideshow-1' class='avia-slide-wrap '   ><img decoding=\"async\" class=\"wp-image-682 avia-img-lazy-loading-not-682\"  src=\"https:\/\/talks.akfportugal.org\/wp-content\/uploads\/2020\/06\/IMG_1376-1500x430.jpg\" width=\"1500\" height=\"430\" title='AKF TALK 2019' alt=''  itemprop=\"thumbnailUrl\"   \/><\/div><\/li><li  class='avia-slideshow-slide av-kbtolmn8-405ebfb6c3a4c28c5078e3040fcef440__1  slide-2 slide-even'><div data-rel='slideshow-1' class='avia-slide-wrap '   ><img decoding=\"async\" class=\"wp-image-686 avia-img-lazy-loading-not-686\"  src=\"https:\/\/talks.akfportugal.org\/wp-content\/uploads\/2020\/06\/IMG_1395-1500x430.jpg\" width=\"1500\" height=\"430\" title='AKF TALK 2019' alt=''  itemprop=\"thumbnailUrl\"   \/><\/div><\/li><li  class='avia-slideshow-slide av-kbtolmn8-405ebfb6c3a4c28c5078e3040fcef440__2  slide-3 slide-odd'><div data-rel='slideshow-1' class='avia-slide-wrap '   ><img decoding=\"async\" class=\"wp-image-685 avia-img-lazy-loading-not-685\"  src=\"https:\/\/talks.akfportugal.org\/wp-content\/uploads\/2020\/06\/IMG_1405-1500x430.jpg\" width=\"1500\" height=\"430\" title='AKF TALK 2019' alt=''  itemprop=\"thumbnailUrl\"   \/><\/div><\/li><li  class='avia-slideshow-slide av-kbtolmn8-405ebfb6c3a4c28c5078e3040fcef440__3  slide-4 slide-even'><div data-rel='slideshow-1' class='avia-slide-wrap '   ><img decoding=\"async\" class=\"wp-image-849 avia-img-lazy-loading-not-849\"  src=\"https:\/\/talks.akfportugal.org\/wp-content\/uploads\/2020\/06\/IMG_7248-1200x430.jpg\" width=\"1200\" height=\"430\" title='TERT\u00daLIA AKF 2018' alt=''  itemprop=\"thumbnailUrl\"   \/><\/div><\/li><li  class='avia-slideshow-slide av-kbtolmn8-405ebfb6c3a4c28c5078e3040fcef440__4  slide-5 slide-odd'><div data-rel='slideshow-1' class='avia-slide-wrap '   ><img decoding=\"async\" class=\"wp-image-854 avia-img-lazy-loading-not-854\"  src=\"https:\/\/talks.akfportugal.org\/wp-content\/uploads\/2020\/06\/IMG_7387-1200x430.jpg\" width=\"1200\" height=\"430\" title='IMG_7387' alt=''  itemprop=\"thumbnailUrl\"   \/><\/div><\/li><li  class='avia-slideshow-slide av-kbtolmn8-405ebfb6c3a4c28c5078e3040fcef440__5  slide-6 slide-even'><div data-rel='slideshow-1' class='avia-slide-wrap '   ><img decoding=\"async\" class=\"wp-image-847 avia-img-lazy-loading-not-847\"  src=\"https:\/\/talks.akfportugal.org\/wp-content\/uploads\/2020\/06\/IMG_7227-1200x430.jpg\" width=\"1200\" height=\"430\" title='TERT\u00daLIA AKF 2018' alt=''  itemprop=\"thumbnailUrl\"   \/><\/div><\/li><li  class='avia-slideshow-slide av-kbtolmn8-405ebfb6c3a4c28c5078e3040fcef440__6  slide-7 slide-odd'><div data-rel='slideshow-1' class='avia-slide-wrap '   ><img decoding=\"async\" class=\"wp-image-843 avia-img-lazy-loading-not-843\"  src=\"https:\/\/talks.akfportugal.org\/wp-content\/uploads\/2020\/06\/IMG_7203-1200x430.jpg\" width=\"1200\" height=\"430\" title='TERT\u00daLIA AKF 2018' alt=''  itemprop=\"thumbnailUrl\"   \/><\/div><\/li><li  class='avia-slideshow-slide av-kbtolmn8-405ebfb6c3a4c28c5078e3040fcef440__7  slide-8 slide-even'><div data-rel='slideshow-1' class='avia-slide-wrap '   ><img decoding=\"async\" class=\"wp-image-837 avia-img-lazy-loading-not-837\"  src=\"https:\/\/talks.akfportugal.org\/wp-content\/uploads\/2020\/06\/IMG_7020-1200x430.jpg\" width=\"1200\" height=\"430\" title='TERT\u00daLIA AKF 2018' alt=''  itemprop=\"thumbnailUrl\"   \/><\/div><\/li><li  class='avia-slideshow-slide av-kbtolmn8-405ebfb6c3a4c28c5078e3040fcef440__8  slide-9 slide-odd'><div data-rel='slideshow-1' class='avia-slide-wrap '   ><img decoding=\"async\" class=\"wp-image-833 avia-img-lazy-loading-not-833\"  src=\"https:\/\/talks.akfportugal.org\/wp-content\/uploads\/2020\/06\/IMG_6970-1200x430.jpg\" width=\"1200\" height=\"430\" title='TERT\u00daLIA AKF 2018' alt=''  itemprop=\"thumbnailUrl\"   \/><\/div><\/li><li  class='avia-slideshow-slide av-kbtolmn8-405ebfb6c3a4c28c5078e3040fcef440__9  slide-10 slide-even'><div data-rel='slideshow-1' class='avia-slide-wrap '   ><img decoding=\"async\" class=\"wp-image-831 avia-img-lazy-loading-not-831\"  src=\"https:\/\/talks.akfportugal.org\/wp-content\/uploads\/2020\/06\/IMG_6920-1200x430.jpg\" width=\"1200\" height=\"430\" title='TERT\u00daLIA AKF 2018' alt=''  itemprop=\"thumbnailUrl\"   \/><\/div><\/li><li  class='avia-slideshow-slide av-kbtolmn8-405ebfb6c3a4c28c5078e3040fcef440__10  slide-11 slide-odd'><div data-rel='slideshow-1' class='avia-slide-wrap '   ><img decoding=\"async\" class=\"wp-image-828 avia-img-lazy-loading-not-828\"  src=\"https:\/\/talks.akfportugal.org\/wp-content\/uploads\/2020\/06\/IMG_6869-1200x430.jpg\" width=\"1200\" height=\"430\" title='TERT\u00daLIA AKF 2018' alt=''  itemprop=\"thumbnailUrl\"   \/><\/div><\/li><li  class='avia-slideshow-slide av-kbtolmn8-405ebfb6c3a4c28c5078e3040fcef440__11  slide-12 slide-even'><div data-rel='slideshow-1' class='avia-slide-wrap '   ><img decoding=\"async\" class=\"wp-image-832 avia-img-lazy-loading-not-832\"  src=\"https:\/\/talks.akfportugal.org\/wp-content\/uploads\/2020\/06\/IMG_6964-1200x430.jpg\" width=\"1200\" height=\"430\" title='TERT\u00daLIA AKF 2018' alt=''  itemprop=\"thumbnailUrl\"   \/><\/div><\/li><\/ul><div class='avia-slideshow-arrows avia-slideshow-controls' ><a href='#prev' class='prev-slide ' aria-hidden='true' data-av_icon='\ue87c' data-av_iconfont='entypo-fontello'  tabindex='-1'>Previous<\/a><a href='#next' class='next-slide ' aria-hidden='true' data-av_icon='\ue87d' data-av_iconfont='entypo-fontello'  tabindex='-1'>Next<\/a><\/div><div class='avia-slideshow-dots avia-slideshow-controls'><a href='#1' class='goto-slide active' >1<\/a><a href='#2' class='goto-slide ' >2<\/a><a href='#3' class='goto-slide ' >3<\/a><a href='#4' class='goto-slide ' >4<\/a><a href='#5' class='goto-slide ' >5<\/a><a href='#6' class='goto-slide ' >6<\/a><a href='#7' class='goto-slide ' >7<\/a><a href='#8' class='goto-slide ' >8<\/a><a href='#9' class='goto-slide ' >9<\/a><a href='#10' class='goto-slide ' >10<\/a><a href='#11' class='goto-slide ' >11<\/a><a href='#12' class='goto-slide ' >12<\/a><\/div><\/div>\n<div  class='hr av-16h9h-8f1177d69ad186f8a1c6b272af988800 hr-default  avia-builder-el-3  el_after_av_slideshow  avia-builder-el-last '><span class='hr-inner '><span class=\"hr-inner-style\"><\/span><\/span><\/div>\n<\/div><\/div><\/main><!-- close content main element --><\/div><\/div><div id='after_section_1'  class='main_color av_default_container_wrap container_wrap sidebar_right'  ><div class='container av-section-cont-open' ><div class='template-page content  av-content-small alpha units'><div class='post-entry post-entry-type-page post-entry-925'><div class='entry-content-wrapper clearfix'><section  class='av_textblock_section av-kbs5vki7-ac6c399ba50f1ada44f3d8be9a148d34 '   itemscope=\"itemscope\" itemtype=\"https:\/\/schema.org\/CreativeWork\" ><div class='avia_textblock'  itemprop=\"text\" ><p style=\"text-align: left;\"><strong>A Funda\u00e7\u00e3o Aga Khan Portugal lan\u00e7ou a iniciativa AKF TALKS em 2018, no \u00e2mbito do Jubileu de Diamante de Sua Alteza o Pr\u00edncipe Aga Khan, com o prop\u00f3sito de provocar o debate, mas principalmente estimular a colabora\u00e7\u00e3o entre diferentes <em>stakeholders<\/em>, sobre as grandes tend\u00eancias globais que est\u00e3o a mudar o nosso futuro. Foram desenvolvidas, desde logo, tr\u00eas tert\u00falias, centradas sobre as dimens\u00f5es da diversidade, do pluralismo e da qualidade de vida para todos.<\/strong><\/p>\n<p>A Funda\u00e7\u00e3o Aga Khan Portugal pretende promover uma Plataforma \/ Action Tank (online e presencial), para conhecer, analisar e debater tend\u00eancias e for\u00e7as de mudan\u00e7a, com o prop\u00f3sito de ajudar organiza\u00e7\u00f5es a adaptarem-se a um conjunto de desafios globais urgentes, interdependentes e emergentes, atrav\u00e9s da explora\u00e7\u00e3o e experimenta\u00e7\u00e3o antecipada de solu\u00e7\u00f5es que reforcem a coes\u00e3o social e melhorem a qualidade de vida, contribuindo para a mudan\u00e7a de mentalidades e comportamentos que ajudem a construir uma sociedade <strong>+inovadora<\/strong>, <strong>+solid\u00e1ria e conectada<\/strong>, <strong>+social<\/strong>, <strong>+verde<\/strong> e <strong>+participativa<\/strong>.<\/p>\n<p>A vertente AKF Talks #GoOnline dever\u00e1 partir das mudan\u00e7as for\u00e7adas pela crise sanit\u00e1ria global Covid-19, e aprendizagens inerentes, para tra\u00e7ar cen\u00e1rios e articular lideran\u00e7a para a a\u00e7\u00e3o, atrav\u00e9s de \u201ccall to action\u201d espec\u00edficos, no mundo p\u00f3s-coronav\u00edrus.<\/p>\n<\/div><\/section><\/p>\n","protected":false},"excerpt":{"rendered":"","protected":false},"author":1,"featured_media":0,"parent":0,"menu_order":0,"comment_status":"closed","ping_status":"closed","template":"","meta":{"_mi_skip_tracking":false,"_monsterinsights_sitenote_active":false,"_monsterinsights_sitenote_note":"","_monsterinsights_sitenote_category":0,"footnotes":""},"_links":{"self":[{"href":"https:\/\/talks.akfportugal.org\/index.php?rest_route=\/wp\/v2\/pages\/925"}],"collection":[{"href":"https:\/\/talks.akfportugal.org\/index.php?rest_route=\/wp\/v2\/pages"}],"about":[{"href":"https:\/\/talks.akfportugal.org\/index.php?rest_route=\/wp\/v2\/types\/page"}],"author":[{"embeddable":true,"href":"https:\/\/talks.akfportugal.org\/index.php?rest_route=\/wp\/v2\/users\/1"}],"replies":[{"embeddable":true,"href":"https:\/\/talks.akfportugal.org\/index.php?rest_route=%2Fwp%2Fv2%2Fcomments&post=925"}],"version-history":[{"count":26,"href":"https:\/\/talks.akfportugal.org\/index.php?rest_route=\/wp\/v2\/pages\/925\/revisions"}],"predecessor-version":[{"id":1045,"href":"https:\/\/talks.akfportugal.org\/index.php?rest_route=\/wp\/v2\/pages\/925\/revisions\/1045"}],"wp:attachment":[{"href":"https:\/\/talks.akfportugal.org\/index.php?rest_route=%2Fwp%2Fv2%2Fmedia&parent=925"}],"curies":[{"name":"wp","href":"https:\/\/api.w.org\/{rel}","templated":true}]}}