{"id":3,"date":"2020-06-01T16:24:30","date_gmt":"2020-06-01T16:24:30","guid":{"rendered":"https:\/\/talks.akfportugal.org\/?page_id=3"},"modified":"2023-08-17T20:54:40","modified_gmt":"2023-08-17T20:54:40","slug":"politica-privacidade","status":"publish","type":"page","link":"https:\/\/talks.akfportugal.org\/?page_id=3","title":{"rendered":"Pol\u00edtica de privacidade"},"content":{"rendered":"<section  class='av_textblock_section av-kbts3foi-647b7f34fb113dcee6bae8961428b1c8 '   itemscope=\"itemscope\" itemtype=\"https:\/\/schema.org\/CreativeWork\" ><div class='avia_textblock'  itemprop=\"text\" ><p><a href=\"#_Toc83841944\">DEFINI\u00c7\u00d5ES<\/a><\/p>\n<ol>\n<li><a href=\"#_Toc83841945\"> QUEM \u00c9 O RESPONS\u00c1VEL PELO TRATAMENTO DE DADOS PESSOAIS?<\/a><\/li>\n<li><a href=\"#_Toc83841946\"> QUE DADOS PESSOAIS S\u00c3O RECOLHIDOS?<\/a><\/li>\n<li><a href=\"#_Toc83841947\"> QUAIS AS FINALIDADES DO TRATAMENTO?<\/a><\/li>\n<li><a href=\"#_Toc83841948\"> QUEM S\u00c3O OS DESTINAT\u00c1RIOS DOS DADOS PESSOAIS?<\/a><\/li>\n<li><a href=\"#_Toc83841949\"> ONDE S\u00c3O ARMAZENADOS OS DADOS PESSOAIS?<\/a><\/li>\n<li><a href=\"#_Toc83841950\"> QUE PROCEDIMENTOS DE SEGURAN\u00c7A TEM O S\u00cdTIO DE INTERNET?<\/a><\/li>\n<li><a href=\"#_Toc83841951\"> QUAIS S\u00c3O OS DIREITOS DOS UTILIZADORES QUANDO FACULTAM OS SEUS DADOS PESSOAIS?<\/a><\/li>\n<li><a href=\"#_Toc83841952\"> POR QUANTO TEMPO S\u00c3O ARMAZENADOS OS DADOS PESSOAIS?<\/a><\/li>\n<li><a href=\"#_Toc83841953\"> COMO PODE O TITULAR DOS DADOS PESSOAIS EXERCER OS SEUS DIREITOS?<\/a><\/li>\n<li><a href=\"#_Toc83841954\"> POL\u00cdTICA DE COOKIES.<\/a><\/li>\n<li><a href=\"#_Toc83841955\"> OUTRAS QUEST\u00d5ES SOBRE A POL\u00cdTICA DE PRIVACIDADE.<\/a><\/li>\n<\/ol>\n<h1><a name=\"_Toc83841943\"><\/a>INTRODU\u00c7\u00c3O<\/h1>\n<p>A presente pol\u00edtica de privacidade estabelece os termos e condi\u00e7\u00f5es gerais, pelos quais a FUNDA\u00c7\u00c3O AGA KHAN PORTUGAL (doravante, AKF Prt), pessoa coletiva de direito privado e utilidade p\u00fablica, com estatutos aprovados pelo Decreto-lei n.\u00ba 27\/96, de 30 de mar\u00e7o, e sucessivas altera\u00e7\u00f5es, pessoa coletiva n\u00famero 503841560, com sede em Centro Ismaili, Av. Lus\u00edada n.\u00ba 1, 1500-650 Lisboa, procede ao tratamento dos dados pessoais dos visitantes e utilizadores (doravante \u00abUtilizadores\u00bb) do presente s\u00edtio de Internet localizado em \u00abhttps:\/\/talks.akfportugal.org\/\u00bb, bem como os direitos que podem ser exercidos pelos titulares dos dados, de acordo com o disposto no Regulamento (UE) 2016\/679 do Parlamento Europeu e do Conselho &#8211; Regulamento Geral sobre a Prote\u00e7\u00e3o de Dados (RGPD) e demais legisla\u00e7\u00e3o nacional aplic\u00e1vel nesta mat\u00e9ria, nomeadamente, a Lei n.\u00ba 58\/2019, de 8 de agosto (doravante \u00abPol\u00edtica de Privacidade\u00bb).<\/p>\n<p>A presente Pol\u00edtica de Privacidade tem como objetivo comunicar de forma transparente aos Utilizadores do S\u00edtio de Internet gerido pela AKF Prt, a forma como as informa\u00e7\u00f5es disponibilizadas ser\u00e3o tratadas pela AKF Prt, enquanto entidade respons\u00e1vel pelo tratamento.<\/p>\n<p>A AKF Prt manifesta o seu firme compromisso de cumprir a legisla\u00e7\u00e3o em vigor em cada momento e de tratar os dados pessoais em conformidade com a presente Pol\u00edtica de Privacidade.<\/p>\n<p>Cada vez que s\u00e3o fornecidos dados pessoais \u00e0 AKF Prt atrav\u00e9s de registo no S\u00edtio de Internet, os dados pessoais transmitidos ser\u00e3o tratados em conformidade com os requisitos legais definidos para cada situa\u00e7\u00e3o em particular. Para a AKF Prt, a privacidade e prote\u00e7\u00e3o dos dados pessoais dos Utilizadores do presente S\u00edtio de Internet s\u00e3o muitos importantes assegurando todos os requisitos impostos pelo RGPD.<\/p>\n<p>A Pol\u00edtica de Privacidade da AKF Prt dever\u00e1 ser lida previamente, para compreender e tomar conhecimento da forma como as informa\u00e7\u00f5es que nos disponibiliza ser\u00e3o tratadas.<\/p>\n<h1><a name=\"_Toc83841944\"><\/a>DEFINI\u00c7\u00d5ES<\/h1>\n<p>\u00ab<strong>Dados pessoais<\/strong>\u00bb: qualquer informa\u00e7\u00e3o, de qualquer natureza e independentemente do respetivo suporte, incluindo som e imagem, relativa a uma pessoa singular identificada ou identific\u00e1vel (\u00abTitular dos dados\u00bb); \u00e9 considerada identific\u00e1vel a pessoa que possa ser identificada direta ou indiretamente, designadamente por refer\u00eancia a um n\u00famero de identifica\u00e7\u00e3o ou a um ou mais elementos espec\u00edficos da sua identidade f\u00edsica, fisiol\u00f3gica, ps\u00edquica, econ\u00f3mica, cultural ou social.<\/p>\n<p>\u00ab<strong>Tratamento de dados pessoais<\/strong>\u00bb: qualquer opera\u00e7\u00e3o ou conjunto de opera\u00e7\u00f5es sobre dados pessoais, efetuadas com ou sem meios automatizados, tais como a recolha, o registo, a organiza\u00e7\u00e3o, a conserva\u00e7\u00e3o, a adapta\u00e7\u00e3o ou altera\u00e7\u00e3o, a recupera\u00e7\u00e3o, a consulta, a utiliza\u00e7\u00e3o, a comunica\u00e7\u00e3o por transmiss\u00e3o, por difus\u00e3o ou por qualquer outra forma de coloca\u00e7\u00e3o \u00e0 disposi\u00e7\u00e3o, com compara\u00e7\u00e3o ou interconex\u00e3o, bem como o bloqueio, apagamento ou destrui\u00e7\u00e3o.<\/p>\n<p>\u00ab<strong>Ficheiro de dados pessoais<\/strong>\u00bb: qualquer conjunto estruturado de dados pessoais, acess\u00edvel segundo crit\u00e9rios determinados, quer seja centralizado, descentralizado ou repartido de modo funcional ou geogr\u00e1fico.<\/p>\n<p>\u00ab<strong>Respons\u00e1vel pelo tratamento<\/strong>\u00bb: a pessoa singular ou coletiva, a autoridade p\u00fablica, a ag\u00eancia ou outro organismo que, individualmente ou em conjunto com outras, determina as finalidades e os meios de tratamento de dados pessoais.<\/p>\n<p>\u00ab<strong>Subcontratante<\/strong>\u00bb: uma pessoa singular ou coletiva, a autoridade p\u00fablica, ag\u00eancia ou outro organismo que trate os dados pessoais por conta do respons\u00e1vel pelo tratamento destes.<\/p>\n<p>\u00ab<strong>Consentimento do titular dos dados<\/strong>\u00bb: qualquer manifesta\u00e7\u00e3o de vontade, livre, espec\u00edfica e informada, nos termos da qual o titular aceita que os seus dados pessoais sejam objeto de tratamento.<\/p>\n<p>\u00ab<strong>Autoridade de controlo<\/strong>\u00bb: uma autoridade p\u00fablica independente que controla e fiscaliza o cumprimento do RGPD e da demais legisla\u00e7\u00e3o aplic\u00e1vel em mat\u00e9ria de prote\u00e7\u00e3o de dados pessoais. Em Portugal, a autoridade de controlo \u00e9 a Comiss\u00e3o Nacional de Prote\u00e7\u00e3o de Dados (CNPD).<\/p>\n<h1><a name=\"_Toc83841945\"><\/a>1. QUEM \u00c9 O RESPONS\u00c1VEL PELO TRATAMENTO DE DADOS PESSOAIS?<\/h1>\n<p>O respons\u00e1vel pelo tratamento dos dados pessoais \u00e9 a AKF Prt, pessoa coletiva, de direito privado e utilidade p\u00fablica, com sede na Avenida Lus\u00edada, n.1, em Lisboa, titular do n\u00famero de identifica\u00e7\u00e3o de pessoa coletiva 503841560.<\/p>\n<p>A AKF PRT como respons\u00e1vel pelo S\u00edtio de Internet compromete-se a garantir a privacidade dos dados pessoais fornecidos pelos Utilizadores por via eletr\u00f3nica, ao interagirem com o S\u00edtio de Internet.<\/p>\n<h1><a name=\"_Toc83841946\"><\/a>2. QUE DADOS PESSOAIS S\u00c3O RECOLHIDOS?<\/h1>\n<p>Quando um visitante se regista no S\u00edtio de Internet da AKF Prt, esta poder\u00e1 proceder \u00e0 recolha do endere\u00e7o de IP, para efeitos estat\u00edsticos. O email, nome, g\u00e9nero, data de nascimento, localidade, habilita\u00e7\u00f5es liter\u00e1rias ou outros dados pessoais poder\u00e3o ser recolhidos, mediante o pr\u00e9vio consentimento do Utilizador.<\/p>\n<p>A qualquer altura, o Utilizador poder\u00e1 retirar o seu consentimento, contactando a AKF PRT para o endere\u00e7o de email <a href=\"mailto:rgpd.akfportugal@akdn.org\">rgpd.akfportugal@akdn.org<\/a> ou, por correio, PARA FUNDA\u00c7\u00c3O AGA KHAN PORTUGAL, Centro Ismaili, Av. Lus\u00edada, N\u00ba1, 1500-650, Lisboa.<\/p>\n<h1><a name=\"_Toc83841947\"><\/a>3. QUAIS AS FINALIDADES DO TRATAMENTO?<\/h1>\n<p>Os dados pessoais recolhidos, atrav\u00e9s do S\u00edtio de Internet, visam as seguintes finalidades:<\/p>\n<ol>\n<li>A comunica\u00e7\u00e3o de informa\u00e7\u00f5es sobre atividades e projetos a decorrer ou a subscri\u00e7\u00e3o das newsletters da AKF Prt, nos termos definidos pelo titular dos dados, atrav\u00e9s do seu consentimento expresso, livre e informado.<\/li>\n<li>A elabora\u00e7\u00e3o de estat\u00edsticas de acesso ao S\u00edtio de Internet que permitam perceber o perfil dos Utilizadores do S\u00edtio de Internet. A informa\u00e7\u00e3o estat\u00edstica n\u00e3o inclui, por\u00e9m, detalhes que possam ser usados para identificar os referidos Utilizadores.<\/li>\n<li>aumento do n\u00edvel de personaliza\u00e7\u00e3o do S\u00edtio de Internet para que se adeque, na medida poss\u00edvel, aos gostos e prefer\u00eancias dos Utilizadores em fun\u00e7\u00e3o dos dados recolhidos.<\/li>\n<\/ol>\n<p>A AKF Prt n\u00e3o comunicar\u00e1 a informa\u00e7\u00e3o disponibilizada, atrav\u00e9s do S\u00edtio de Internet, pelo Utilizador a terceiros.<\/p>\n<h1><a name=\"_Toc83841948\"><\/a>4. QUEM S\u00c3O OS DESTINAT\u00c1RIOS DOS DADOS PESSOAIS?<\/h1>\n<p>Os dados recolhidos s\u00e3o \u00fanica e exclusivamente para tratamento pela AKF Prt.<\/p>\n<p>Em nenhuma circunst\u00e2ncia, a AKF Prt realizar\u00e1 transfer\u00eancias internacionais de dados pessoais para pa\u00eds terceiro ou organiza\u00e7\u00e3o internacional fora da Uni\u00e3o Europeia.<\/p>\n<h1><a name=\"_Toc83841949\"><\/a>5. ONDE S\u00c3O ARMAZENADOS OS DADOS PESSOAIS?<\/h1>\n<p>A AKF Prt adota as medidas t\u00e9cnicas e organizativas necess\u00e1rias e adequadas para garantir a seguran\u00e7a dos dados pessoais e prevenir o tratamento n\u00e3o autorizado e il\u00edcito, a perda acidental, m\u00e1 utiliza\u00e7\u00e3o ou acesso indevido, a destrui\u00e7\u00e3o, danifica\u00e7\u00e3o, incluindo em caso de subcontrata\u00e7\u00e3o de opera\u00e7\u00f5es de tratamento de dados.<\/p>\n<p>A AKF Prt salienta que apenas proceder\u00e1 ao tratamento de dados pessoais para os fins para os quais foram recolhidos, nos termos previstos na presente Pol\u00edtica de Privacidade.<\/p>\n<p>A AKF Prt rev\u00ea frequentemente as suas pol\u00edticas de recolha, armazenamento e tratamento de dados pessoais para garantir que apenas procede ao tratamento de dados pessoais adequados, pertinentes e limitados ao que \u00e9 necess\u00e1rio relativamente \u00e0s suas finalidades de tratamento.<\/p>\n<p>A AKF Prt adota os procedimentos adequados para garantir que a informa\u00e7\u00e3o \u00e9 exata, completa e atual, mas depende de o titular atualizar ou corrigir a sua informa\u00e7\u00e3o pessoal quando necess\u00e1rio.<\/p>\n<p>Sem preju\u00edzo de todos os mecanismos de seguran\u00e7a adotados e do cumprimento de todas as regras de prote\u00e7\u00e3o de dados pessoais, o Utilizador dever\u00e1 estar ciente que, por exemplo, ao navegar na Internet, se seu o acesso n\u00e3o dispuser das barreiras de prote\u00e7\u00e3o necess\u00e1rias (antiv\u00edrus, \u201cfirewall\u201d, \u201cantispyware\u201d, etc.), os dados pessoais do Utilizador poder\u00e3o ser vistos e utilizados por terceiros n\u00e3o autorizados.<\/p>\n<p>Neste contexto, A AKF Prt \u00e9 obrigada a alertar o Utilizador por forma a que tome as devidas precau\u00e7\u00f5es que possibilitem maior seguran\u00e7a enquanto utiliza a Internet, nomeadamente assegurando-se de que utiliza um programa de navega\u00e7\u00e3o que permita o uso de comunica\u00e7\u00e3o segura.<\/p>\n<h1><a name=\"_Toc83841950\"><\/a>6. QUE PROCEDIMENTOS DE SEGURAN\u00c7A TEM O S\u00cdTIO DE INTERNET?<\/h1>\n<p>A AKF Prt toma todas as precau\u00e7\u00f5es necess\u00e1rias e legalmente exig\u00edveis para garantir, tendo em conta a tecnologia dispon\u00edvel, um n\u00edvel adequado de prote\u00e7\u00e3o da informa\u00e7\u00e3o recolhida junto dos Utilizadores do S\u00edtio de Internet, nomeadamente, atrav\u00e9s da implementa\u00e7\u00e3o das medidas t\u00e9cnicas e de organiza\u00e7\u00e3o necess\u00e1rias para proteger os seus dados pessoais contra a sua destrui\u00e7\u00e3o, perda ou modifica\u00e7\u00e3o acidental, bem como contra acesso e outros processos n\u00e3o autorizados, nomeadamente: (i) prote\u00e7\u00e3o com passwords, (ii) restri\u00e7\u00f5es de entrada f\u00edsica aos locais onde os servidores que armazenam os dados pessoais se encontram; (iii) \u00abfirewalls\u00bb, (iv) comunica\u00e7\u00e3o segura via protocolo https, utilizando certificados digitais.<\/p>\n<p>A AKF Prt informa que as referidas medidas de seguran\u00e7a s\u00e3o revistas e atualizadas, consoante as necessidades e o estado de arte destas mat\u00e9rias.<\/p>\n<p>Caso, por algum motivo, se verifique uma viola\u00e7\u00e3o da seguran\u00e7a que provoque, de modo acidental ou il\u00edcito, a destrui\u00e7\u00e3o, a perda, a altera\u00e7\u00e3o, a divulga\u00e7\u00e3o ou o acesso n\u00e3o autorizados, aos dados pessoais, a AKF Prt comunicar\u00e1 sem demora justificada e, sempre que poss\u00edvel, at\u00e9 72 horas ap\u00f3s o respetivo conhecimento, tal facto \u00e0s autoridades competentes, nos termos da legisla\u00e7\u00e3o aplic\u00e1vel. Da mesma forma, a AKF Prt comunicar\u00e1 a viola\u00e7\u00e3o da informa\u00e7\u00e3o ao respetivo titular, nos termos da legisla\u00e7\u00e3o aplic\u00e1vel.<\/p>\n<h1><a name=\"_Toc83841951\"><\/a>7. QUAIS S\u00c3O OS DIREITOS DOS UTILIZADORES QUANDO FACULTAM OS SEUS DADOS PESSOAIS?<\/h1>\n<p>De acordo com a legisla\u00e7\u00e3o aplic\u00e1vel, a AKF Prt compromete-se a respeitar a confidencialidade da informa\u00e7\u00e3o de car\u00e1ter pessoal dos titulares e a garantir o exerc\u00edcio dos seguintes direitos dos titulares dos dados:<\/p>\n<ol>\n<li>Direito a ser informado: os Utilizadores t\u00eam direito a obter informa\u00e7\u00e3o clara, transparente e compreens\u00edvel sobre a forma como a AKF Prt usa os dados pessoais dos titulares.<\/li>\n<li>Direito de acesso: em complemento ao direito de informa\u00e7\u00e3o, o Utilizador poder\u00e1 aceder aos seus dados pessoais que s\u00e3o tratados e conservados. Nestes casos, a AKF Prt facultar-lhe-\u00e1 acesso a uma c\u00f3pia dos dados pessoais que s\u00e3o objeto de tratamento. Al\u00e9m disso, quando o solicite atrav\u00e9s de meios eletr\u00f3nicos, a informa\u00e7\u00e3o ser\u00e1 facultada num formato eletr\u00f3nico de utiliza\u00e7\u00e3o comum.<\/li>\n<li>Direito de retifica\u00e7\u00e3o: o Utilizador tem direito de retificar os seus dados pessoais se os mesmos estiverem incorretos, desatualizados ou se pretender complet\u00e1-los.<\/li>\n<li>Direito de apagamento\/direito a ser esquecido: o Utilizador pode solicitar \u00e0 AKF Prt que elimine os seus dados, no entanto, dever\u00e1 ter em consi-dera\u00e7\u00e3o que este n\u00e3o \u00e9 um direito universal, uma vez que a AKF Prt pode ter fundamentos legais ou outros interesses leg\u00edtimos para a reten\u00e7\u00e3o dos dados pessoais.<\/li>\n<li>Direito de, a qualquer momento, o titular retirar o consentimento para o tratamento dos seus dados: pode retirar o consentimento ao tratamento de dados pessoais quando o referido tratamento for baseado no consentimento do titular. Contudo, a retirada de consentimento n\u00e3o compromete a licitude do tratamento com base no consentimento previamente dado.<\/li>\n<li>Direito \u00e0 portabilidade dos dados: o Utilizador tem o direito de mover, copiar ou transferir os dados da base de dados da AKF Prt para outra.<\/li>\n<li>Direito \u00e0 limita\u00e7\u00e3o do tratamento: o Utilizador tem direito a solicitar a restri\u00e7\u00e3o do tratamento dos seus dados pessoais nas seguintes situa\u00e7\u00f5es: se contestar a exatid\u00e3o dos dados, se o tratamento for il\u00edcito e n\u00e3o quiser apagar os dados, mas apenas limit\u00e1-los, se os dados j\u00e1 n\u00e3o forem necess\u00e1rios \u00e0 AKF Prt, mas necess\u00e1rios ao Utilizador ou se tiver exercido o direito de oposi\u00e7\u00e3o acima referido, durante o per\u00edodo de tempo em que a AKF Prt analisa se os seus interesses leg\u00edtimos para o tratamento prevalecem ou n\u00e3o sobre aquele direito.<\/li>\n<\/ol>\n<p>Para o exerc\u00edcio de qualquer um dos direitos acima elencados, para al\u00e9m das formas especificamente referidas nas respetivas al\u00edneas, o Utilizador poder\u00e1 faz\u00ea-lo atrav\u00e9s do envio de uma mensagem de correio eletr\u00f3nico para o endere\u00e7o de email <a href=\"mailto:rgpd.akfportugal@akdn.org\">rgpd.akfportugal@akdn.org<\/a> ou contactar a AKF Prt, por escrito, para a morada Centro Ismaili, Av. Lus\u00edada n.\u00ba 1, 1500-650 Lisboa.<\/p>\n<p>Caso o Utilizador entenda ter existido uma infra\u00e7\u00e3o aos seus direitos, poder\u00e1 apresentar reclama\u00e7\u00e3o a uma autoridade de controlo. Em Portugal, a autoridade de controlo \u00e9 a CNPD. Mais informa\u00e7\u00e3o sobre a CNPD encontra-se dispon\u00edvel em <a href=\"https:\/\/akdngva-my.sharepoint.com\/personal\/rui_gouveia_akdn_org\/Documents\/001_AKF\/006_Autoriza\u00e7\u00f5es%20de%20Uso%20de%20Imagem\/Pol\u00edticas_Finais\/PoliticasPaginadas\/www.cnpd.pt\">www.cnpd.pt<\/a>.<\/p>\n<h1><a name=\"_Toc83841952\"><\/a>8. POR QUANTO TEMPO S\u00c3O ARMAZENADOS OS DADOS PESSOAIS?<\/h1>\n<p>Os dados pessoais ser\u00e3o conservados por per\u00edodos de tempo diferentes, consoante a finalidade a que se destinam e tendo em conta crit\u00e9rios legais, de necessidade e minimiza\u00e7\u00e3o do tempo de conserva\u00e7\u00e3o.<\/p>\n<p>Sempre que n\u00e3o exista uma exig\u00eancia legal espec\u00edfica, os dados pessoais ser\u00e3o armazenados e conservados apenas pelo per\u00edodo m\u00ednimo necess\u00e1rio para a prossecu\u00e7\u00e3o das finalidades que motivaram a sua recolha.<\/p>\n<p>Por exemplo, nas <em>newsletters<\/em>, o prazo de conserva\u00e7\u00e3o inicia-se a partir da obten\u00e7\u00e3o do consentimento mediante registo no S\u00edtio de Internet da AKF Prt e terminar\u00e1 no momento em que o Utilizador proceder ao cancelamento da subscri\u00e7\u00e3o. Ao remover a subscri\u00e7\u00e3o, o Utilizador receber\u00e1 um email de notifica\u00e7\u00e3o e os seus dados ser\u00e3o retirados da lista de envio de <em>newsletters<\/em>.<\/p>\n<h1><a name=\"_Toc83841953\"><\/a>9. COMO PODE O TITULAR DOS DADOS PESSOAIS EXERCER OS SEUS DIREITOS?<\/h1>\n<p>O direito de acesso, de retifica\u00e7\u00e3o, de apagamento e de portabilidade, bem como o direito \u00e0 oposi\u00e7\u00e3o e o direito de reclama\u00e7\u00e3o podem ser exercidos pelo titular mediante contacto com a AKF Prt, atrav\u00e9s do seguinte endere\u00e7o ele-tr\u00f3nico: <a href=\"mailto:rgpd.akfportugal@akdn.org\">rgpd.akfportugal@akdn.org<\/a> ou da seguinte morada: FUNDA\u00c7AO AGA KHAN, Centro Ismaili, Av. Lus\u00edada n.\u00ba 1, 1500-650 Lisboa.<\/p>\n<p>Em caso de d\u00favida sobre a presente Pol\u00edtica de Privacidade, o Titular poder\u00e1 obter informa\u00e7\u00e3o adicional ou esclarecer qualquer d\u00favida, remetendo as suas quest\u00f5es para o endere\u00e7o de correio eletr\u00f3nico ou morada acima indicados.<\/p>\n<p>A AKF Prt dar\u00e1 resposta ao pedido do titular no prazo m\u00e1ximo de um m\u00eas a contar da rece\u00e7\u00e3o do pedido, salvo em casos de especial complexidade, em que esse prazo pode ser prorrogado at\u00e9 dois meses.<\/p>\n<p>Se os pedidos apresentados pelo titular forem manifestamente infundados ou excessivos, nomeadamente devido ao seu car\u00e1cter repetitivo, a AKF Prt reserva-se o direito de cobrar custos administrativos ou recusar-se a dar se-guimento ao pedido.<\/p>\n<h1><a name=\"_Toc83841954\"><\/a>10. POL\u00cdTICA DE COOKIES<\/h1>\n<p>Ver Pol\u00edtica de Cookies (https:\/\/talks.akfportugal.org\/?page_id=1053)<\/p>\n<h1><a name=\"_Toc83841955\"><\/a>11. OUTRAS QUEST\u00d5ES SOBRE A POL\u00cdTICA DE PRIVACIDADE<\/h1>\n<p>O presente S\u00edtio de Internet gerido pela AKF Prt poder\u00e1 conter hiperliga\u00e7\u00f5es (<em>links<\/em>) para outros s\u00edtios de internet. A AKF Prt n\u00e3o se responsabiliza pelas pol\u00edticas de privacidade desses s\u00edtios de Internet. Recomenda-se aos Utilizadores do S\u00edtio de Internet da AKF Prt que, quando acedam a outros s\u00edtios de internet, consultem as p\u00e1ginas que, dentro desses s\u00edtios de internet, digam respeito \u00e0s suas pol\u00edticas de privacidade. A presente informa\u00e7\u00e3o refere-se apenas \u00e0 pol\u00edtica de privacidade aplic\u00e1vel ao S\u00edtio de Internet da AKF Prt.<\/p>\n<p>A AKF Prt reserva-se o direito de, a qualquer momento, modificar a sua Pol\u00edtica de Privacidade e de Cookies. Estas altera\u00e7\u00f5es s\u00e3o devidamente publicitadas neste S\u00edtio de Internet.<\/p>\n<p>Caso o utilizador tenha alguma quest\u00e3o a colocar sobre a seguran\u00e7a e privacidade do presente site, dever\u00e1 entrar em contacto com a AKF Prt atrav\u00e9s do endere\u00e7o de email <a href=\"mailto:rgpd.akfportugal@akdn.org\">rgpd.akfportugal@akdn.org<\/a> ou, por correio, para Funda\u00e7\u00e3o Aga Khan Portugal, Centro Ismaili, Av. Lus\u00edada, N\u00ba1, 1500-650, Lisboa.<\/p>\n<p><strong>Publicado a:<\/strong> 24 de junho, 2020<\/p>\n<p><strong>Atualizado em:<\/strong> 17 de agosto, 2023<\/p>\n<\/div><\/section>\n","protected":false},"excerpt":{"rendered":"","protected":false},"author":1,"featured_media":0,"parent":0,"menu_order":0,"comment_status":"closed","ping_status":"open","template":"","meta":{"_mi_skip_tracking":false,"_monsterinsights_sitenote_active":false,"_monsterinsights_sitenote_note":"","_monsterinsights_sitenote_category":0,"footnotes":""},"_links":{"self":[{"href":"https:\/\/talks.akfportugal.org\/index.php?rest_route=\/wp\/v2\/pages\/3"}],"collection":[{"href":"https:\/\/talks.akfportugal.org\/index.php?rest_route=\/wp\/v2\/pages"}],"about":[{"href":"https:\/\/talks.akfportugal.org\/index.php?rest_route=\/wp\/v2\/types\/page"}],"author":[{"embeddable":true,"href":"https:\/\/talks.akfportugal.org\/index.php?rest_route=\/wp\/v2\/users\/1"}],"replies":[{"embeddable":true,"href":"https:\/\/talks.akfportugal.org\/index.php?rest_route=%2Fwp%2Fv2%2Fcomments&post=3"}],"version-history":[{"count":8,"href":"https:\/\/talks.akfportugal.org\/index.php?rest_route=\/wp\/v2\/pages\/3\/revisions"}],"predecessor-version":[{"id":1202,"href":"https:\/\/talks.akfportugal.org\/index.php?rest_route=\/wp\/v2\/pages\/3\/revisions\/1202"}],"wp:attachment":[{"href":"https:\/\/talks.akfportugal.org\/index.php?rest_route=%2Fwp%2Fv2%2Fmedia&parent=3"}],"curies":[{"name":"wp","href":"https:\/\/api.w.org\/{rel}","templated":true}]}}