{"id":1053,"date":"2020-06-24T20:02:09","date_gmt":"2020-06-24T20:02:09","guid":{"rendered":"https:\/\/talks.akfportugal.org\/?page_id=1053"},"modified":"2023-08-17T20:41:51","modified_gmt":"2023-08-17T20:41:51","slug":"politica-de-cookies","status":"publish","type":"page","link":"https:\/\/talks.akfportugal.org\/?page_id=1053","title":{"rendered":"Pol\u00edtica de cookies"},"content":{"rendered":"\n<style type=\"text\/css\" data-created_by=\"avia_inline_auto\" id=\"style-css-av-1xdnxp-1428715259b4c36295c922f9fef94d01\">\n.flex_column.av-1xdnxp-1428715259b4c36295c922f9fef94d01{\nborder-radius:0px 0px 0px 0px;\npadding:0px 0px 0px 0px;\n}\n<\/style>\n<div  class='flex_column av-1xdnxp-1428715259b4c36295c922f9fef94d01 av_one_full  avia-builder-el-0  avia-builder-el-no-sibling  first flex_column_div av-zero-column-padding  '     ><section  class='av_textblock_section av-kbtsafni-0e86811ac2e94f542d9108643d8d982d '   itemscope=\"itemscope\" itemtype=\"https:\/\/schema.org\/CreativeWork\" ><div class='avia_textblock'  itemprop=\"text\" ><p>Conte\u00fado<\/p>\n<p><a href=\"#_Toc83760831\">O QUE S\u00c3O COOKIES?<\/a><\/p>\n<p><a href=\"#_Toc83760832\">QUAIS OS COOKIES UTILIZADOS PELA AKF PRT?<\/a><\/p>\n<p><a href=\"#_Toc83760833\">COMO GERIR AS DEFINI\u00c7\u00d5ES DE COOKIES?<\/a><\/p>\n<p><a href=\"#_Toc83760834\">COMO CONTACTAR PARA OBTER MAIS INFORMA\u00c7\u00d5ES?<\/a><\/p>\n<p><a href=\"#_Toc83760835\">ALTERA\u00c7\u00d5ES \u00c0 POL\u00cdTICA DE PRIVACIDADE E DE COOKIES.<\/a><\/p>\n<p>A AKF Prt pretende garantir que a visita ao presente s\u00edtio de internet \u00abhttps:\/\/talks.akfportugal.org\/\u00bb (doravante \u201cS\u00edtio de Internet\u201d) seja f\u00e1cil, fi\u00e1vel e o mais \u00fatil poss\u00edvel para o visitante ou utilizador. Para o efeito, a AKF Prt utiliza tecnologias de rastreamento (doravante, \u201cCookies\u201d).<\/p>\n<h1><a name=\"_Toc83760831\"><\/a>O QUE S\u00c3O COOKIES?<\/h1>\n<p>&#8220;Cookies&#8221; s\u00e3o pequenos ficheiros de texto que s\u00e3o armazenados no navegador (browser) do visitante ou utilizador quando visita o S\u00edtio de Internet, retendo apenas informa\u00e7\u00e3o de natureza t\u00e9cnica, relacionada com as prefer\u00eancias, com a personaliza\u00e7\u00e3o de conte\u00fados, estat\u00edsticas de uso e outras defini\u00e7\u00f5es de utiliza\u00e7\u00e3o.<\/p>\n<p>O presente S\u00edtio de Internet utiliza Cookies para assegurar v\u00e1rias funcionalidades e uma melhor navega\u00e7\u00e3o. Estas tecnologias permitem, ainda, recolher dados como dia e hora de acesso, o <em>software<\/em> do navegador de Internet do utilizador, o endere\u00e7o IP (protocolo internet) que identifica o computador do utilizador, as informa\u00e7\u00f5es de Cookies (testemunhos de conex\u00e3o) da AKF Prt, o S\u00edtio de Internet de origem e a p\u00e1gina solicitada pelo utilizador, etc.<\/p>\n<p>A utiliza\u00e7\u00e3o que a AKF Prt faz das informa\u00e7\u00f5es que recolhe sobre o utilizador atrav\u00e9s dos Cookies est\u00e1 sujeita \u00e0 presente pol\u00edtica de Cookies, bem como \u00e0 Pol\u00edtica de Privacidade da AKF Prt. \u00e0 qual poder\u00e1 aceder atrav\u00e9s de hiperliga\u00e7\u00e3o dispon\u00edvel no S\u00edtio de Internet.<\/p>\n<h1><a name=\"_Toc83760832\"><\/a>QUAIS OS COOKIES UTILIZADOS PELA AKF PRT?<\/h1>\n<p>Os Cookies que a AKF Prt utiliza enquadram-se em quatro categorias:<\/p>\n<ul>\n<li>Cookies pr\u00f3prios: s\u00e3o aqueles que s\u00e3o enviados para o equipamento terminal do utilizador a partir de um equipamento ou dom\u00ednio gerido pelo pr\u00f3prio editor e a partir do qual se presta o servi\u00e7o solicitado pelo utilizador;<\/li>\n<li>Cookies de sess\u00e3o: recolhem e guardam dados quando o utilizador acede a uma p\u00e1gina de Internet;<\/li>\n<li>Cookies t\u00e9cnicos: permitem ao utilizador a navega\u00e7\u00e3o atrav\u00e9s de uma p\u00e1gina de internet, plataforma ou aplica\u00e7\u00e3o e a utiliza\u00e7\u00e3o das diferentes op\u00e7\u00f5es ou servi\u00e7os que nelas existam;<\/li>\n<li>Cookies de an\u00e1lise: permitem o acompanhamento e an\u00e1lise do comportamento dos utilizadores dos s\u00edtios de internet aos quais est\u00e3o vinculados. A informa\u00e7\u00e3o recolhida atrav\u00e9s deste tipo de Cookies \u00e9 utilizada na medi\u00e7\u00e3o da atividade do S\u00edtio de Internet, aplica\u00e7\u00e3o ou plataforma e na elabora\u00e7\u00e3o de perfis de navega\u00e7\u00e3o dos utilizadores do S\u00edtio de Internet, aplica\u00e7\u00f5es e plataformas, com o objetivo de introduzir melhorias na fun\u00e7\u00e3o de an\u00e1lise dos dados de utiliza\u00e7\u00e3o dos utilizadores do servi\u00e7o.<\/li>\n<\/ul>\n<h1><a name=\"_Toc83760833\"><\/a>COMO GERIR AS DEFINI\u00c7\u00d5ES DE COOKIES?<\/h1>\n<p>O visitante ou o utilizador pode, a qualquer momento, exercer o seu direito de desativar ou eliminar Cookies do S\u00edtio de Internet. Essas a\u00e7\u00f5es s\u00e3o executadas de maneira diferente, dependendo do navegador que o utilizador est\u00e1 a usar, podendo configurar os Cookies no menu \u00abop\u00e7\u00f5es\u00bb ou \u00abprefer\u00eancias\u00bb do seu navegador.<\/p>\n<p>Para saber mais sobre Cookies, o utilizador pode visitar <a href=\"http:\/\/www.allaboutcookies.org\">http:\/\/www.allaboutcookies.org<\/a> onde poder\u00e1 encontrar informa\u00e7\u00f5es sobre como gerir as suas configura\u00e7\u00f5es para os v\u00e1rios fornecedores de navegadores.<\/p>\n<p>A AKF Prt reserva-se o direito de, a qualquer momento, sem necessidade de aviso pr\u00e9vio e com efeitos imediatos, alterar, adicionar, atualizar ou eliminar, parcial ou totalmente, a presente informa\u00e7\u00e3o sobre Cookies.<\/p>\n<h1><a name=\"_Toc83760834\"><\/a>COMO CONTACTAR PARA OBTER MAIS INFORMA\u00c7\u00d5ES?<\/h1>\n<p>Caso exista alguma quest\u00e3o sobre a utiliza\u00e7\u00e3o de Cookies por parte da AKF Prt, o utilizador poder\u00e1 enviar um email para <a href=\"mailto:rgpd.akfportugal@akdn.org\">rgpd.akfportugal@akdn.org<\/a> ou contactar por correio para FUNDA\u00c7\u00c3O AGA KHAN, Centro Ismaili, Av. Lus\u00edada, N\u00ba1, 1500-650, Lisboa.<\/p>\n<h1><a name=\"_Toc83760835\"><\/a>ALTERA\u00c7\u00d5ES \u00c0 POL\u00cdTICA DE PRIVACIDADE<br \/>\nE DE COOKIES<\/h1>\n<p>A AKF Prt reserva-se o direito de, a qualquer momento, modificar a sua Pol\u00edtica de Privacidade e de Cookies. Estas altera\u00e7\u00f5es s\u00e3o devidamente publicitadas nos s\u00edtios de internet geridos pela AKF Prt.<\/p>\n<p><strong>Publicado a:<\/strong> 24 de junho, 2020<\/p>\n<p><strong>Atualizado em:<\/strong> 17 de agosto, 2023<\/p>\n<\/div><\/section><\/div>\n","protected":false},"excerpt":{"rendered":"","protected":false},"author":1,"featured_media":0,"parent":0,"menu_order":0,"comment_status":"closed","ping_status":"closed","template":"","meta":{"_mi_skip_tracking":false,"_monsterinsights_sitenote_active":false,"_monsterinsights_sitenote_note":"","_monsterinsights_sitenote_category":0,"footnotes":""},"_links":{"self":[{"href":"https:\/\/talks.akfportugal.org\/index.php?rest_route=\/wp\/v2\/pages\/1053"}],"collection":[{"href":"https:\/\/talks.akfportugal.org\/index.php?rest_route=\/wp\/v2\/pages"}],"about":[{"href":"https:\/\/talks.akfportugal.org\/index.php?rest_route=\/wp\/v2\/types\/page"}],"author":[{"embeddable":true,"href":"https:\/\/talks.akfportugal.org\/index.php?rest_route=\/wp\/v2\/users\/1"}],"replies":[{"embeddable":true,"href":"https:\/\/talks.akfportugal.org\/index.php?rest_route=%2Fwp%2Fv2%2Fcomments&post=1053"}],"version-history":[{"count":6,"href":"https:\/\/talks.akfportugal.org\/index.php?rest_route=\/wp\/v2\/pages\/1053\/revisions"}],"predecessor-version":[{"id":1201,"href":"https:\/\/talks.akfportugal.org\/index.php?rest_route=\/wp\/v2\/pages\/1053\/revisions\/1201"}],"wp:attachment":[{"href":"https:\/\/talks.akfportugal.org\/index.php?rest_route=%2Fwp%2Fv2%2Fmedia&parent=1053"}],"curies":[{"name":"wp","href":"https:\/\/api.w.org\/{rel}","templated":true}]}}